{"id":175,"date":"2017-06-04T19:05:50","date_gmt":"2017-06-04T17:05:50","guid":{"rendered":"https:\/\/www.adilgo.com\/wpouvreboite\/?page_id=175"},"modified":"2019-08-05T14:39:55","modified_gmt":"2019-08-05T12:39:55","slug":"documents","status":"publish","type":"page","link":"https:\/\/www.adilgo.com\/wpouvreboite\/documents\/","title":{"rendered":"Documents"},"content":{"rendered":"<p><a href=\"https:\/\/www.adilgo.com\/wpouvreboite\/wp-content\/uploads\/2019\/08\/Liste_des_pieces_TOB.pdf\" target=\"_blank\" rel=\"noopener noreferrer\">Liste des pi\u00e8ces interpr\u00e9t\u00e9es par le th\u00e9\u00e2tre de l&rsquo;Ouvre-Bo\u00eete<\/a><\/p>\n<p><a href=\"https:\/\/www.adilgo.com\/wpouvreboite\/wp-content\/uploads\/2017\/06\/toblogo.jpg\" target=\"_blank\" rel=\"noopener noreferrer\">Logo du th\u00e9\u00e2tre de l&rsquo;Ouvre-Bo\u00eete<\/a><\/p>\n<p><a href=\"https:\/\/www.adilgo.com\/wpouvreboite\/wp-content\/uploads\/2019\/08\/Affiche_2019_Les_quatre_saisons.jpg\" target=\"_blank\" rel=\"noopener noreferrer\">Affiche 2019 &#8211; Les quatre saisons d&rsquo;une salade<\/a><\/p>\n<p><a href=\"https:\/\/www.adilgo.com\/wpouvreboite\/wp-content\/uploads\/2019\/08\/Affiche_2018_Les_quatre_doigts.jpeg\" target=\"_blank\" rel=\"noopener noreferrer\">Affiche 2018 &#8211; Les quatre doigts et le pouce<\/a><\/p>\n<p><a href=\"https:\/\/www.adilgo.com\/wpouvreboite\/wp-content\/uploads\/2019\/08\/Affiche_2018_Ainsi_Soient_Elles.pdf\" target=\"_blank\" rel=\"noopener noreferrer\">Affiche 2018 &#8211; Ainsi soient elles !<\/a><\/p>\n<p><a href=\"https:\/\/www.adilgo.com\/wpouvreboite\/wp-content\/uploads\/2017\/06\/affiche_2017_boulingrin_paves_ours.jpg\" target=\"_blank\" rel=\"noopener noreferrer\">Affiche 2017 &#8211; Les Boulingrin et Les pav\u00e9s de l&rsquo;ours<\/a><\/p>\n<p><a href=\"https:\/\/www.adilgo.com\/wpouvreboite\/wp-content\/uploads\/2017\/06\/affiche_2016_voyage_presque_parfait.jpeg\" target=\"_blank\" rel=\"noopener noreferrer\">Affiche 2016 &#8211; Un voyage presque parfait<\/a><\/p>\n<p><a href=\"https:\/\/www.adilgo.com\/wpouvreboite\/wp-content\/uploads\/2017\/06\/affiche_2015_invites.jpg\" target=\"_blank\" rel=\"noopener noreferrer\">Affiche 2015 &#8211; Invit\u00e9s<\/a><\/p>\n<p><a href=\"https:\/\/www.adilgo.com\/wpouvreboite\/wp-content\/uploads\/2017\/06\/affiche_2014_quatre_etoiles.jpg\" target=\"_blank\" rel=\"noopener noreferrer\">Affiche 2014 &#8211; Quatre \u00e9toiles<\/a><\/p>\n<p><a href=\"https:\/\/www.adilgo.com\/wpouvreboite\/wp-content\/uploads\/2017\/06\/affiche_2013_burn_out.jpg\" target=\"_blank\" rel=\"noopener noreferrer\">Affiche 2013 &#8211; Burn Out<\/a><\/p>\n<p><a href=\"https:\/\/www.adilgo.com\/wpouvreboite\/wp-content\/uploads\/2017\/06\/affiche_2012_medecin_malgre_lui.jpg\" target=\"_blank\" rel=\"noopener noreferrer\">Affiche 2012 &#8211; Le m\u00e9decin malgr\u00e9 lui<\/a><\/p>\n<p><a href=\"https:\/\/www.adilgo.com\/wpouvreboite\/wp-content\/uploads\/2017\/06\/affiche_2011_delices_en_bouche.jpg\" target=\"_blank\" rel=\"noopener noreferrer\">Affiche 2011 &#8211; D\u00e9lices en bouche<\/a><\/p>\n<p><a href=\"https:\/\/www.adilgo.com\/wpouvreboite\/wp-content\/uploads\/2017\/06\/affiche_2010_crack_temps.jpg\" target=\"_blank\" rel=\"noopener noreferrer\">Affiche 2010 &#8211; Le Crack temps<\/a><\/p>\n<p><a href=\"https:\/\/www.adilgo.com\/wpouvreboite\/wp-content\/uploads\/2017\/06\/affiche_2009_meurtre_auberge.jpg\" target=\"_blank\" rel=\"noopener noreferrer\">Affiche 2009 &#8211; Meurtre \u00e0 l&rsquo;auberge<\/a><\/p>\n<p><a href=\"https:\/\/www.adilgo.com\/wpouvreboite\/wp-content\/uploads\/2017\/06\/affiche_2008_oscar.jpg\" target=\"_blank\" rel=\"noopener noreferrer\">Affiche 2008 &#8211; Oscar<\/a><\/p>\n<p><a href=\"https:\/\/www.adilgo.com\/wpouvreboite\/wp-content\/uploads\/2017\/06\/affiche_2007_mysteres_de_paris.jpg\" target=\"_blank\" rel=\"noopener noreferrer\">Affiche 2007 &#8211; Les myst\u00e8res de Paris<\/a><\/p>\n","protected":false},"excerpt":{"rendered":"<p>Liste des pi\u00e8ces interpr\u00e9t\u00e9es par le th\u00e9\u00e2tre de l&rsquo;Ouvre-Bo\u00eete Logo du th\u00e9\u00e2tre de l&rsquo;Ouvre-Bo\u00eete Affiche 2019 &#8211; Les quatre saisons d&rsquo;une salade Affiche 2018 &#8211; Les quatre doigts et le pouce Affiche 2018 &#8211; Ainsi soient elles ! Affiche 2017 &#8211; Les Boulingrin et Les pav\u00e9s de l&rsquo;ours Affiche 2016 &#8211; Un voyage presque parfait <a class=\"more-link\" href=\"https:\/\/www.adilgo.com\/wpouvreboite\/documents\/\">Lire plus &#8230;<\/a><\/p>\n","protected":false},"author":1,"featured_media":0,"parent":0,"menu_order":0,"comment_status":"closed","ping_status":"closed","template":"","meta":{"ngg_post_thumbnail":0,"footnotes":""},"class_list":["post-175","page","type-page","status-publish","hentry"],"_links":{"self":[{"href":"https:\/\/www.adilgo.com\/wpouvreboite\/wp-json\/wp\/v2\/pages\/175","targetHints":{"allow":["GET"]}}],"collection":[{"href":"https:\/\/www.adilgo.com\/wpouvreboite\/wp-json\/wp\/v2\/pages"}],"about":[{"href":"https:\/\/www.adilgo.com\/wpouvreboite\/wp-json\/wp\/v2\/types\/page"}],"author":[{"embeddable":true,"href":"https:\/\/www.adilgo.com\/wpouvreboite\/wp-json\/wp\/v2\/users\/1"}],"replies":[{"embeddable":true,"href":"https:\/\/www.adilgo.com\/wpouvreboite\/wp-json\/wp\/v2\/comments?post=175"}],"version-history":[{"count":24,"href":"https:\/\/www.adilgo.com\/wpouvreboite\/wp-json\/wp\/v2\/pages\/175\/revisions"}],"predecessor-version":[{"id":484,"href":"https:\/\/www.adilgo.com\/wpouvreboite\/wp-json\/wp\/v2\/pages\/175\/revisions\/484"}],"wp:attachment":[{"href":"https:\/\/www.adilgo.com\/wpouvreboite\/wp-json\/wp\/v2\/media?parent=175"}],"curies":[{"name":"wp","href":"https:\/\/api.w.org\/{rel}","templated":true}]}}