{"id":7,"date":"2017-05-21T18:57:12","date_gmt":"2017-05-21T16:57:12","guid":{"rendered":"https:\/\/www.adilgo.com\/wpouvreboite\/?page_id=7"},"modified":"2026-03-13T15:50:10","modified_gmt":"2026-03-13T14:50:10","slug":"accueil","status":"publish","type":"page","link":"https:\/\/www.adilgo.com\/wpouvreboite\/","title":{"rendered":"Accueil"},"content":{"rendered":"<h5 style=\"text-align: center;\"><strong>Pi\u00e8ce 2026 :<br \/>\n<\/strong><\/h5>\n<h1 style=\"text-align: center;\"><strong>Stationnement altern\u00e9&nbsp;<br \/>\n<\/strong><\/h1>\n<h5 style=\"text-align: center;\"><strong>Une com\u00e9die de Ray Cooney<\/strong><\/h5>\n<h1 style=\"text-align: center;\"><strong>Pensez \u00e0 r\u00e9server !<\/strong><\/h1>\n<p><img loading=\"lazy\" decoding=\"async\" class=\"alignnone size-full wp-image-1983\" src=\"https:\/\/www.adilgo.com\/wpouvreboite\/wp-content\/uploads\/2026\/03\/PHOTO-2026-03-12-15-50-14.jpg\" alt=\"\" width=\"1130\" height=\"1600\" srcset=\"https:\/\/www.adilgo.com\/wpouvreboite\/wp-content\/uploads\/2026\/03\/PHOTO-2026-03-12-15-50-14.jpg 1130w, https:\/\/www.adilgo.com\/wpouvreboite\/wp-content\/uploads\/2026\/03\/PHOTO-2026-03-12-15-50-14-212x300.jpg 212w, https:\/\/www.adilgo.com\/wpouvreboite\/wp-content\/uploads\/2026\/03\/PHOTO-2026-03-12-15-50-14-723x1024.jpg 723w, https:\/\/www.adilgo.com\/wpouvreboite\/wp-content\/uploads\/2026\/03\/PHOTO-2026-03-12-15-50-14-768x1087.jpg 768w, https:\/\/www.adilgo.com\/wpouvreboite\/wp-content\/uploads\/2026\/03\/PHOTO-2026-03-12-15-50-14-1085x1536.jpg 1085w\" sizes=\"auto, (max-width: 1130px) 100vw, 1130px\" \/><\/p>\n<p><strong>LES 3 COUPS<\/strong><\/p>\n<p>Bienvenue \u00e0 tous les internautes chez les passionn\u00e9s de l&rsquo;Ouvre-Bo\u00eete !<\/p>\n<p>Il y a un foss\u00e9 de technologie entre un ordinateur et un ouvre-bo\u00eete; les r\u00e9unir est aussi farfelu que d&#8217;embarquer une armoire vaudoise dans une navette spatiale ! Et pourtant, une \u00e9quipe de passionn\u00e9s a tent\u00e9 l&rsquo;exp\u00e9rience de marier ces deux entit\u00e9s, puisque nous avons choisi l&rsquo;ouvre-bo\u00eete comme embl\u00e8me de notre troupe de th\u00e9\u00e2tre.<\/p>\n<p>O\u00f9 sont donc les vieilles plumes que l&rsquo;on trempait dans l&rsquo;encrier pour \u00e9crire \u00e0 la ronde sur un papier verg\u00e9 ? O\u00f9 sont donc ces mots dessin\u00e9s, exprim\u00e9s, d\u00e9clam\u00e9s pour s\u00e9duire, charmer, expliquer ou instruire ? Mais soyons modernes, osons le progr\u00e8s ! Internet accrochez-vous, les dinosaures d\u00e9barquent sur le r\u00e9seau ! Quelle jouissance, il est vrai, de savoir que le monde entier va nous d\u00e9couvrir sur la toile&#8230; \u00e7a fiche le vertige ! C&rsquo;est peut-\u00eatre ce que l&rsquo;on appelle une future carri\u00e8re internationale.<\/p>\n<p>D\u00e9finition du dictionnaire, ouvre-bo\u00eete : nom masculin, instrument coupant pour ouvrir les bo\u00eetes de conserve. Dans cette d\u00e9finition, il y a ouverture&#8230; quel mot magique ! Ouverture de l&rsquo;esprit \u00e0 toutes les expressions th\u00e9\u00e2trales, sans pr\u00e9jug\u00e9, pour le plaisir d&rsquo;interpr\u00e9ter. Il y a aussi \u00ab\u00a0coupant\u00a0\u00bb, comme l&rsquo;humour parfois pratiqu\u00e9, et il y a bo\u00eete, comme notre th\u00e9\u00e2tre magnifique par son intimit\u00e9, comme une bo\u00eete de conserve sans \u00e9tiquette, qui ne cesse de vous surprendre par son contenu. Bient\u00f4t 40 ans d&rsquo;existence, sans avoir perdu sa saveur ! De cr\u00e9ations en pi\u00e8ces classiques, elle n&rsquo;a de cesse de vous s\u00e9duire. Di\u00e9t\u00e9tiquement recommand\u00e9 pour le cerveau, tout abus ne peut \u00eatre que&#8230; vivement conseill\u00e9 !<\/p>\n<p>L&rsquo;ordinateur maintenant, d\u00e9finition du Petit Larousse : nom masculin, machine \u00e9lectronique programmable de traitement de l&rsquo;information, constitu\u00e9 d&rsquo;un nombre variable d&rsquo;unit\u00e9s sp\u00e9cialis\u00e9es interconnect\u00e9es, command\u00e9es par un m\u00eame programme enregistr\u00e9&#8230; on reprend son souffle&#8230; et l&rsquo;on continue, un ordinateur comporte essentiellement des unit\u00e9s d&rsquo;entr\u00e9e des donn\u00e9es \u00e0 traiter, des m\u00e9moires charg\u00e9es de stocker ces donn\u00e9es, etc. Waouh, \u00e7a d\u00e9coiffe ! Pour un support de la communication, tout cela nous semble bien obscur.<\/p>\n<p><em>Jean-Michel Gavin<\/em><\/p>\n","protected":false},"excerpt":{"rendered":"<p>Pi\u00e8ce 2026 : Stationnement altern\u00e9&nbsp; Une com\u00e9die de Ray Cooney Pensez \u00e0 r\u00e9server ! LES 3 COUPS Bienvenue \u00e0 tous les internautes chez les passionn\u00e9s de l&rsquo;Ouvre-Bo\u00eete ! Il y a un foss\u00e9 de technologie entre un ordinateur et un ouvre-bo\u00eete; les r\u00e9unir est aussi farfelu que d&#8217;embarquer une armoire vaudoise dans une navette spatiale <a class=\"more-link\" href=\"https:\/\/www.adilgo.com\/wpouvreboite\/\">Lire plus &#8230;<\/a><\/p>\n","protected":false},"author":1,"featured_media":0,"parent":0,"menu_order":0,"comment_status":"closed","ping_status":"closed","template":"","meta":{"ngg_post_thumbnail":0,"footnotes":""},"class_list":["post-7","page","type-page","status-publish","hentry"],"_links":{"self":[{"href":"https:\/\/www.adilgo.com\/wpouvreboite\/wp-json\/wp\/v2\/pages\/7","targetHints":{"allow":["GET"]}}],"collection":[{"href":"https:\/\/www.adilgo.com\/wpouvreboite\/wp-json\/wp\/v2\/pages"}],"about":[{"href":"https:\/\/www.adilgo.com\/wpouvreboite\/wp-json\/wp\/v2\/types\/page"}],"author":[{"embeddable":true,"href":"https:\/\/www.adilgo.com\/wpouvreboite\/wp-json\/wp\/v2\/users\/1"}],"replies":[{"embeddable":true,"href":"https:\/\/www.adilgo.com\/wpouvreboite\/wp-json\/wp\/v2\/comments?post=7"}],"version-history":[{"count":29,"href":"https:\/\/www.adilgo.com\/wpouvreboite\/wp-json\/wp\/v2\/pages\/7\/revisions"}],"predecessor-version":[{"id":1985,"href":"https:\/\/www.adilgo.com\/wpouvreboite\/wp-json\/wp\/v2\/pages\/7\/revisions\/1985"}],"wp:attachment":[{"href":"https:\/\/www.adilgo.com\/wpouvreboite\/wp-json\/wp\/v2\/media?parent=7"}],"curies":[{"name":"wp","href":"https:\/\/api.w.org\/{rel}","templated":true}]}}