{"id":707,"date":"2019-12-30T15:55:20","date_gmt":"2019-12-30T14:55:20","guid":{"rendered":"https:\/\/www.adilgo.com\/wpouvreboite\/?page_id=707"},"modified":"2026-02-25T18:37:09","modified_gmt":"2026-02-25T17:37:09","slug":"reservation","status":"publish","type":"page","link":"https:\/\/www.adilgo.com\/wpouvreboite\/reservation\/","title":{"rendered":"R\u00e9servation"},"content":{"rendered":"\r\n<p><span style=\"color: #800000;\">Ch\u00e8res spectatrices, chers spectateurs,<\/span><\/p>\r\n<p><span style=\"color: #800000;\"><strong data-start=\"33\" data-end=\"68\">L\u2019Ouvre-bo\u00eete f\u00eate ses 40 ans !<\/strong> Quatre d\u00e9cennies de passion, de rires partag\u00e9s et de soir\u00e9es m\u00e9morables \u00e0 Montpreveyres \u2014 et pour c\u00e9l\u00e9brer cet anniversaire, la troupe vous propose une com\u00e9die aussi irr\u00e9sistible qu\u2019efficace : <strong data-start=\"269\" data-end=\"294\">Stationnement altern\u00e9<\/strong> de Ray Cooney<\/span><\/p>\r\n<p><span style=\"color: #800000;\">Dans ce vaudeville \u00e0 la mise en sc\u00e8ne millim\u00e9tr\u00e9e, les mensonges s\u2019accumulent, les quiproquos s\u2019encha\u00eenent et chaque tentative pour arranger les choses ne fait que les compliquer davantage. Le rythme est soutenu, les situations d\u00e9licieusement absurdes et les dialogues font mouche.<\/span><\/p>\r\n<p><span style=\"color: #800000;\">On rit sans retenue \u00e0 la d\u00e9couverte des combines improbables des personnages\u2026 et surtout, on retrouve avec plaisir les acteurs et les actrices que l\u2019on aime voir sur la sc\u00e8ne de la salle des Balances.<\/span><\/p>\r\n<p><span style=\"color: #800000;\">Une soir\u00e9e l\u00e9g\u00e8re, enlev\u00e9e et pleine d\u2019\u00e9nergie pour un bon moment en famille ou entre amis !<\/span><\/p>\r\n<p><span style=\"color: #800000;\">On se r\u00e9jouit de vous retrouver, \u00e0 tr\u00e8s vite !<\/span><\/p>\r\n<p><span style=\"color: #800000;\">L&rsquo;\u00e9quipe du Th\u00e9\u00e2tre de l&rsquo;Ouvre-bo\u00eete<\/span><\/p>\r\n\n<!-- iframe plugin v.6.0 wordpress.org\/plugins\/iframe\/ -->\n<iframe loading=\"lazy\" src=\"\/\/infomaniak.events\/shop\/9o3Kl9s7rJ\/\" width=\"100%\" height=\"952px\" scrolling=\"yes\" class=\"iframe-class\" frameborder=\"0\"><\/iframe>\n","protected":false},"excerpt":{"rendered":"<p>Ch\u00e8res spectatrices, chers spectateurs, L\u2019Ouvre-bo\u00eete f\u00eate ses 40 ans ! Quatre d\u00e9cennies de passion, de rires partag\u00e9s et de soir\u00e9es m\u00e9morables \u00e0 Montpreveyres \u2014 et pour c\u00e9l\u00e9brer cet anniversaire, la troupe vous propose une com\u00e9die aussi irr\u00e9sistible qu\u2019efficace : Stationnement altern\u00e9 de Ray Cooney Dans ce vaudeville \u00e0 la mise en sc\u00e8ne millim\u00e9tr\u00e9e, les mensonges <a class=\"more-link\" href=\"https:\/\/www.adilgo.com\/wpouvreboite\/reservation\/\">Lire plus &#8230;<\/a><\/p>\n","protected":false},"author":1,"featured_media":0,"parent":0,"menu_order":0,"comment_status":"closed","ping_status":"closed","template":"","meta":{"ngg_post_thumbnail":0,"footnotes":""},"class_list":["post-707","page","type-page","status-publish","hentry"],"_links":{"self":[{"href":"https:\/\/www.adilgo.com\/wpouvreboite\/wp-json\/wp\/v2\/pages\/707","targetHints":{"allow":["GET"]}}],"collection":[{"href":"https:\/\/www.adilgo.com\/wpouvreboite\/wp-json\/wp\/v2\/pages"}],"about":[{"href":"https:\/\/www.adilgo.com\/wpouvreboite\/wp-json\/wp\/v2\/types\/page"}],"author":[{"embeddable":true,"href":"https:\/\/www.adilgo.com\/wpouvreboite\/wp-json\/wp\/v2\/users\/1"}],"replies":[{"embeddable":true,"href":"https:\/\/www.adilgo.com\/wpouvreboite\/wp-json\/wp\/v2\/comments?post=707"}],"version-history":[{"count":33,"href":"https:\/\/www.adilgo.com\/wpouvreboite\/wp-json\/wp\/v2\/pages\/707\/revisions"}],"predecessor-version":[{"id":875,"href":"https:\/\/www.adilgo.com\/wpouvreboite\/wp-json\/wp\/v2\/pages\/707\/revisions\/875"}],"wp:attachment":[{"href":"https:\/\/www.adilgo.com\/wpouvreboite\/wp-json\/wp\/v2\/media?parent=707"}],"curies":[{"name":"wp","href":"https:\/\/api.w.org\/{rel}","templated":true}]}}